{"id":3,"date":"2020-04-09T13:02:47","date_gmt":"2020-04-09T13:02:47","guid":{"rendered":"http:\/\/saintjamesway.eu\/?page_id=3"},"modified":"2025-07-08T10:25:35","modified_gmt":"2025-07-08T10:25:35","slug":"privacy-policy","status":"publish","type":"page","link":"https:\/\/saintjamesway.eu\/es\/privacy-policy\/","title":{"rendered":"Privacy Policy"},"content":{"rendered":"<div  class=\"one withsmallpadding ppb_header withbg \" style=\"background-image:url(https:\/\/saintjamesway.eu\/wp-content\/uploads\/2020\/05\/priv_b.jpg);background-position: center bottom;text-align:center;padding:270px 0 270px 0;color:#ffffff;\" >\n<div class=\"standard_wrapper\">\n<div class=\"page_content_wrapper\">\n<div class=\"inner\">\n<h2 class=\"ppb_title\" style=\"color:#ffffff;\">PRIVACY POLITY<\/h2>\n<\/div>\n<\/div>\n<\/div>\n<\/div>\n<div  class=\"one withsmallpadding ppb_text\" style=\"padding:5px;background-color:#bf2938;\" ><\/div>\n<div class=\"standard_wrapper\">\n<div  class=\"one_half withsmallpadding ppb_text\" style=\"padding:30px 0 30px 0;\" >\n<div class=\"standard_wrapper\">\n<div class=\"page_content_wrapper\">\n<div class=\"inner\">\n<div style=\"margin:auto;width:100%\">\n<h1 style=\"text-align: justify;\">Legal notice<\/h1>\n<h5 style=\"padding-left: 40px; text-align: justify;\">F\u00c9D\u00c9RATION EUROP\u00c9ENNE DES CHEMINS DE SAINT-JACQUES-DE-COMPOSTELLE<\/h5>\n<p style=\"padding-left: 40px; text-align: justify;\">H\u00f4tel-Dieu &#8211; 2, rue Becdeli\u00e8vre<br \/>\n43000 Le Puy-en-Velay &#8211; FRANCE<br \/>\nT\u00e9l. : +33 (0)4 71 07 00 20<br \/>\nFax : +33 (0)4 71 07 00 01<br \/>\ncontact@saintjamesway.eu<\/p>\n<h1 style=\"text-align: justify;\">Copyright<\/h1>\n<p style=\"text-align: justify;\">Pursuant to the French Code of Intellectual Property and, more generally, international treaties and agreements containing provisions relating to the protection of copyright, you may not, for any use other than private, reproduce, sell, distribute, transmit, distribute, adapt, modify, publish, and communicate in whole or in part, in any form whatsoever, the data, the presentation or the organization of the site or the works protected by the copyright which appear on the website &#8220;https:\/\/saintjamesway.eu\/&#8221; without specific prior written authorization from the copyright holder attached to the work, the presentation, the organization of the site or the data reproduced.<\/p>\n<h1 style=\"text-align: justify;\">Discharge of<br \/>\nresponibility<\/h1>\n<p style=\"text-align: justify;\">Saint James Way &#8211; Chemins de Compostelle is only bound by a simple obligation of means concerning the information it makes available to people who access its website. Even though we have taken all steps to ensure the reliability of the information contained on this website, Saint James Way &#8211; Chemins de Compostelle cannot be held liable for errors, omissions or the results which could be obtained by the use of this information. In particular, the use of hypertext links may lead your consultation of our site to other servers to learn the information sought, servers over which Saint James Way &#8211; Chemins de Compostelle has no control.<\/p>\n<h1 style=\"text-align: justify;\">Personal data<\/h1>\n<p style=\"text-align: justify;\">The information collected is intended only for the use of Saint James Way &#8211; Chemins de Compostelle. In accordance with the law of January 6, 1978, relating to data processing, files and freedoms, you have the right to access, modify, rectify and delete, for any information concerning you by contacting:<br \/>\nEUROPEAN FEDERATION OF SAINT-JACQUES DE COMPOSTELLE<\/p>\n<\/div>\n<\/div>\n<\/div>\n<\/div>\n<\/div>\n<\/div>\n<div class=\"standard_wrapper\">\n<div  class=\"one_half last withsmallpadding ppb_text\" style=\"padding:30px 0 30px 0;\" >\n<div class=\"standard_wrapper\">\n<div class=\"page_content_wrapper\">\n<div class=\"inner\">\n<div style=\"margin:auto;width:100%\">\n<h1 style=\"text-align: justify;\">Cookies<\/h1>\n<p style=\"text-align: justify;\">When visiting this site, cookies are placed on your computer, mobile or tablet.<\/p>\n<p style=\"text-align: justify;\">Our site, designed to be attentive to the needs of our visitors uses cookies to, for example, identify you and access your account, manage your shopping cart, memorize your consultations and personalize the offers we offer you.<\/p>\n<p style=\"text-align: justify;\">This page allows you to better understand how cookies work and how to use current tools to configure them.<\/p>\n<h1 style=\"text-align: justify;\">What is a cookie ?<\/h1>\n<p style=\"text-align: justify;\">A cookie is a small text file placed on your computer when you visit a site or view an advertisement. They aim in particular to collect information relating to your navigation on the sites and to send you personalized services.<\/p>\n<p style=\"text-align: justify;\">In your computer cookies are managed by your internet browser.<\/p>\n<p style=\"text-align: justify;\">On this site, these are cookies placed on your terminal for the purposes of browsing the website, optimizing and personalizing the site.<\/p>\n<p style=\"text-align: justify;\">Different types of cookies<\/p>\n<p style=\"text-align: justify;\">Different types of cookies are used on this site, they have different purposes.<\/p>\n<p style=\"text-align: justify;\">Strictly necessary cookies<\/p>\n<p style=\"text-align: justify;\">These are cookies necessary for the operation of this site. They allow you to use the main functionalities of the site (for example using the shopping cart or accessing your account). Without these cookies, you will not be able to use this site normally.<\/p>\n<h1 style=\"text-align: justify;\">Analytical cookies<\/h1>\n<p style=\"text-align: justify;\">These are cookies that allow us to know the use and performance of this site and to improve its operation (for example, the pages most often visited, searches of Internet users in the engine, etc.).<\/p>\n<h1 style=\"text-align: justify;\">Functional cookies<\/h1>\n<p style=\"text-align: justify;\">These are cookies that allow us to personalize your experience on this site (for example reminding you of the last products viewed, memorizing the items in your basket before continuing your purchases.).<\/p>\n<h1 style=\"text-align: justify;\">Accept or refuse cookies<\/h1>\n<p style=\"text-align: justify;\">You have different ways to manage cookies.<\/p>\n<p style=\"text-align: justify;\">The configuration of your internet browser<\/p>\n<p style=\"text-align: justify;\">You can choose to deactivate these cookies at any time. Your browser can also be set to notify you of the cookies that are stored on your computer and ask you to accept them or not. You can accept or refuse cookies on a case-by-case basis or refuse them systematically once and for all.<\/p>\n<p style=\"text-align: justify;\">We remind you that the setting is likely to modify your conditions of access to our services requiring the use of cookies.<\/p>\n<p style=\"text-align: justify;\">If your browser is configured to refuse all cookies, you will not be able to make purchases or take advantage of essential functions of this site, such as storing items in your basket.<\/p>\n<p style=\"text-align: justify;\">Here&#8217;s how to control or prevent the storage of cookies:<\/p>\n<p style=\"text-align: justify;\">The configuration of each browser is different. It is described in the help menu of your browser, which will allow you to know how to modify your preferences regarding cookies.<\/p>\n<p style=\"text-align: justify;\">You can deactivate cookies by following the instructions as follows:<\/p>\n<p style=\"text-align: justify; padding-left: 40px;\">1 \/ if you use the Internet Explorer browser<\/p>\n<p style=\"text-align: justify; padding-left: 80px;\">In Internet Explorer, click the Tools button, then Internet Options.<\/p>\n<p style=\"text-align: justify; padding-left: 80px;\">On the General tab, under Browsing history, click Settings.<\/p>\n<p style=\"text-align: justify; padding-left: 80px;\">Click the View Files button.<\/p>\n<p style=\"text-align: justify; padding-left: 80px;\">Click the Name column header to sort all files in alphabetical order, then scroll through the list until you see files starting with the prefix &#8220;Cookie&#8221;. (all cookies have this prefix and usually contain the name of the website that created the cookie).<\/p>\n<p style=\"text-align: justify; padding-left: 80px;\">Select the cookie (s) and delete them<\/p>\n<p style=\"text-align: justify; padding-left: 80px;\">Close the window that contains the list of files, then click OK twice to return to Internet Explorer.<\/p>\n<p style=\"text-align: justify; padding-left: 40px;\">2 \/ if you use the Firefox browser<\/p>\n<p style=\"text-align: justify; padding-left: 80px;\">Go to the \u201cTools\u201d tab of the browser then select the \u201cOptions\u201d menu<\/p>\n<p style=\"text-align: justify; padding-left: 80px;\">In the window that appears, choose &#8220;Privacy&#8221; and click on &#8220;Display cookies<\/p>\n<p style=\"text-align: justify; padding-left: 80px;\">Select the cookies of your choice and delete them.<\/p>\n<p style=\"text-align: justify; padding-left: 40px;\">3 \/ if you use the Safari browser<\/p>\n<p style=\"text-align: justify; padding-left: 80px;\">In your browser, choose the menu Edit> Preferences.<\/p>\n<p style=\"text-align: justify; padding-left: 80px;\">Click on Security.<\/p>\n<p style=\"text-align: justify; padding-left: 80px;\">Click on Show Cookies.<\/p>\n<p style=\"text-align: justify; padding-left: 80px;\">Select the cookies and click on Delete or on Delete all.<\/p>\n<p style=\"text-align: justify; padding-left: 80px;\">After deleting the cookies, click on Done.<\/p>\n<p style=\"text-align: justify; padding-left: 40px;\">4 \/ if you use the Google Chrome browser<\/p>\n<p style=\"text-align: justify; padding-left: 80px;\">Click the icon in the Tools menu.<\/p>\n<p style=\"text-align: justify; padding-left: 80px;\">Select Options.<\/p>\n<p style=\"text-align: justify; padding-left: 80px;\">Click on the Advanced Options tab and go to the &#8220;Confidentiality&#8221; section.<\/p>\n<p style=\"text-align: justify; padding-left: 80px;\">Click the Show Cookies button.<\/p>\n<p style=\"text-align: justify; padding-left: 80px;\">Locate the cookies, select them and delete them.<\/p>\n<p style=\"text-align: justify; padding-left: 80px;\">Click \u201cClose\u201d to return to your browser<\/p>\n<p style=\"text-align: justify;\">________________________________________<\/p>\n<p style=\"text-align: justify;\">More information on cookies<br \/>\nOn the CNIL <span style=\"text-decoration: underline;\"><a href=\"http:\/\/www.cnil.fr\/vos-droits\/vos-traces\/les-cookies\/\">website<\/a><\/span><\/p>\n<\/div>\n<\/div>\n<\/div>\n<\/div>\n<\/div>\n<\/div>\n<div  class=\"one withsmallpadding ppb_text\" style=\"padding:5px;background-color:#bf2938;\" ><\/div>\n","protected":false},"excerpt":{"rendered":"<p>PRIVACY POLITY Legal notice F\u00c9D\u00c9RATION EUROP\u00c9ENNE DES CHEMINS DE SAINT-JACQUES-DE-COMPOSTELLE H\u00f4tel-Dieu &#8211; 2, rue Becdeli\u00e8vre 43000 Le Puy-en-Velay &#8211; FRANCE T\u00e9l. : +33 (0)4 71 07 00 20 Fax : +33 (0)4 71 07 00 01 contact@saintjamesway.eu Copyright Pursuant to [&hellip;]<\/p>\n","protected":false},"author":1,"featured_media":0,"parent":0,"menu_order":0,"comment_status":"closed","ping_status":"open","template":"","meta":{"inline_featured_image":false,"_trash_the_other_posts":false,"editor_notices":[],"footnotes":""},"class_list":["post-3","page","type-page","status-publish","hentry"],"_links":{"self":[{"href":"https:\/\/saintjamesway.eu\/es\/wp-json\/wp\/v2\/pages\/3","targetHints":{"allow":["GET"]}}],"collection":[{"href":"https:\/\/saintjamesway.eu\/es\/wp-json\/wp\/v2\/pages"}],"about":[{"href":"https:\/\/saintjamesway.eu\/es\/wp-json\/wp\/v2\/types\/page"}],"author":[{"embeddable":true,"href":"https:\/\/saintjamesway.eu\/es\/wp-json\/wp\/v2\/users\/1"}],"replies":[{"embeddable":true,"href":"https:\/\/saintjamesway.eu\/es\/wp-json\/wp\/v2\/comments?post=3"}],"version-history":[{"count":78,"href":"https:\/\/saintjamesway.eu\/es\/wp-json\/wp\/v2\/pages\/3\/revisions"}],"predecessor-version":[{"id":12775,"href":"https:\/\/saintjamesway.eu\/es\/wp-json\/wp\/v2\/pages\/3\/revisions\/12775"}],"wp:attachment":[{"href":"https:\/\/saintjamesway.eu\/es\/wp-json\/wp\/v2\/media?parent=3"}],"curies":[{"name":"wp","href":"https:\/\/api.w.org\/{rel}","templated":true}]}}