{"id":8554,"date":"2020-05-01T15:40:49","date_gmt":"2020-05-01T15:40:49","guid":{"rendered":"http:\/\/saintjamesway.eu\/?page_id=8554"},"modified":"2025-05-25T21:18:42","modified_gmt":"2025-05-25T21:18:42","slug":"tour-virtual","status":"publish","type":"page","link":"https:\/\/saintjamesway.eu\/es\/tour-virtual\/","title":{"rendered":"TOUR VIRTUAL 360\u00ba"},"content":{"rendered":"<div id=\"ppb_header_video17482079221566860498\" class=\"one withsmallpadding ppb_header_video \" style=\"text-align:left;padding:30px 0 30px 0;color:#bf2938;;height:100vh;position:relative;\" >\n<div class=\"background_center_title_wrapper\" style=\"z-index:3;position:relative;\">\n<div class=\"title_content\">\n<div class=\"ppb_subtitle\" style=\"color:#bf2938;\">HERRAMIENTAS<\/div>\n<h2 class=\"ppb_title\" style=\"color:#bf2938;\">TOURS VIRTUALES 360\u00ba<\/h2>\n<div class=\"ppb_header_content\">\n<p><img loading=\"lazy\" decoding=\"async\" class=\"wp-image-7458 aligncenter\" src=\"https:\/\/saintjamesway.eu\/wp-content\/uploads\/2020\/04\/logo_isotipo_blanco.png\" alt=\"\" width=\"170\" height=\"184\" \/><\/p>\n<div class=\"icon-scroll\"><\/div>\n<\/div>\n<\/div>\n<\/div>\n<\/div>\n<\/div>\n<p><script>\n\t\t    jQuery(document).ready(function(){ \n\t\t    \tjQuery(\"#ppb_header_video17482079221566860498\").vide({mp4: \"https:\/\/saintjamesway.eu\/wp-content\/uploads\/2020\/05\/tools.mp4\",webm: \"https:\/\/saintjamesway.eu\/wp-content\/uploads\/2020\/05\/tools.webm\",ogv: \"https:\/\/saintjamesway.eu\/wp-content\/uploads\/2020\/05\/tools.ogv\",poster: \"https:\/\/saintjamesway.eu\/wp-content\/uploads\/2020\/05\/tools.jpg\",\n\t\t    \t      volumne: 0,\n\t\t    \t      muted: true\n\t\t    \t});\n\t\t    });<\/p>\n<p>\t\t\t\/\/FORCE VIDEO PLAY - SAFARI 11 ISSUE\n\t\t\tjQuery(window).load(function() {\n\t\t\t\tjQuery(\"#ppb_header_video17482079221566860498\").data(\"vide\").getVideoObject().play();\n\t\t\t});\n\t\t<\/script><\/p>\n<div  class=\"one withsmallpadding ppb_text\" style=\"padding:5px;background-color:#bf2938;\" ><\/div>\n<div class=\"standard_wrapper\">\n<div  class=\"one_half withsmallpadding ppb_text\" style=\"padding:70px 0 70px 0;\" >\n<div class=\"standard_wrapper\">\n<div class=\"page_content_wrapper\">\n<div class=\"inner\">\n<div style=\"margin:auto;width:100%\">\n<p><span style=\"color: #999999;\">HERRAMIENTAS<\/span><\/p>\n<h1>Visitas virtuales 360\u00ba<\/h1>\n<p style=\"text-align: justify;\">8 recorridos virtuales de 360 grados, con contenido audioguiado inmersivo y en varios idiomas, permiten a los peregrinos vivir una nueva experiencia y visitar los sitios m\u00e1s destacados de la UNESCO en los territorios objetivo del proyecto. El peregrino podr\u00e1 entrar en lugares y monumentos emblem\u00e1ticos, como la Catedral de Puy-en-Velay (Francia), la Puerta de la Aurora (Vilnius-Lituania), los santuarios franciscanos de As\u00eds (Italia), el Ayuntamiento de Torun (Polonia), el Tesoro de Oignies en Namur (B\u00e9lgica), los vi\u00f1edos del Duero (Portugal), la torre de la Catedral de Oviedo (Espa\u00f1a) o el P\u00f3rtico de la Gloria en Santiago (Espa\u00f1a), entre otros. En total, se han producido m\u00e1s de 80 im\u00e1genes panor\u00e1micas 360, con 250 fotos y videos adicionales.<\/p>\n<\/div>\n<\/div>\n<\/div>\n<\/div>\n<\/div>\n<\/div>\n<div class=\"standard_wrapper\">\n<div  class=\"one_half last withsmallpadding ppb_text\" style=\"padding:80px 0 80px 0;\" >\n<div class=\"standard_wrapper\">\n<div class=\"page_content_wrapper\">\n<div class=\"inner\">\n<div style=\"margin:auto;width:100%\">\n<p style=\"text-align: center;\"><iframe loading=\"lazy\" src=\"https:\/\/www.youtube.com\/embed\/gPrSLkELtPI\" width=\"100%\" height=\"315\" frameborder=\"0\" allowfullscreen=\"allowfullscreen\"><\/iframe><\/p>\n<\/div>\n<\/div>\n<\/div>\n<\/div>\n<\/div>\n<\/div>\n<div  class=\"parallax \" data-image=\"https:\/\/saintjamesway.eu\/es\/wp-content\/uploads\/sites\/2\/2020\/05\/plaza_obra_360.jpg\" data-width=\"1920\" data-height=\"847\" style=\"height:600px; \"><\/div>\n<div  class=\"one withsmallpadding ppb_text\" style=\"padding:30px 0 30px 0;\" >\n<div class=\"standard_wrapper\">\n<div class=\"page_content_wrapper\">\n<div class=\"inner\">\n<div style=\"margin:auto;width:100%\">\n<h1 class=\"p1\"><span class=\"s1\">Tours virtuales en los pa\u00edses<br \/>\n<\/span><\/h1>\n<p>En cada territorio, un personaje hist\u00f3rico gu\u00eda al peregrino en su visita. Desde el rey Alfonso II, primer peregrino a Santiago, hasta el maestro Mateo, creador del magn\u00edfico P\u00f3rtico de la Gloria en la Catedral de Santiago. Desde Carlo Magno, impulsor de la idea de Europa, hasta el pintor Giotto, creador de los frescos de la Bas\u00edlica de San Francisco de As\u00eds. Desde el cient\u00edfico Cop\u00e9rnico, natural de Torun, hasta el visionario portugu\u00e9s Marqu\u00e9s de Pombal, creador de la primera denominaci\u00f3n de origen de los vinos de Oporto y Duero. Desde el Gran Duque de Lituania, fundador de Vilnius, hasta el obispo Godescalco, el primero en llegar a Santiago desde la ciudad francesa de Puy-en-Velay. De esta forma, la significativa gu\u00eda, la m\u00fasica y los efectos especiales permiten al peregrino realizar un fant\u00e1stico viaje a trav\u00e9s del tiempo y la historia.<\/p>\n<\/div>\n<\/div>\n<\/div>\n<\/div>\n<\/div>\n<div class=\"standard_wrapper\">\n<div  class=\"one_fourth withsmallpadding ppb_text\" style=\"padding:30px 0 30px 0;\" >\n<div class=\"standard_wrapper\">\n<div class=\"page_content_wrapper\">\n<div class=\"inner\">\n<div style=\"margin:auto;width:100%\">\n<p><a href=\"http:\/\/virtual-tours.saintjamesway.eu\/360\/francia\/ES\/\" target=\"_blank\" rel=\"noopener\"><img loading=\"lazy\" decoding=\"async\" class=\"alignnone size-medium wp-image-8216 aligncenter\" src=\"https:\/\/saintjamesway.eu\/wp-content\/uploads\/2020\/04\/lepuyenvelay_francia.svg\" alt=\"\" width=\"300\" height=\"300\" \/><\/a><\/p>\n<\/div>\n<\/div>\n<\/div>\n<\/div>\n<\/div>\n<\/div>\n<div class=\"standard_wrapper\">\n<div  class=\"one_fourth withsmallpadding ppb_text\" style=\"padding:30px 0 30px 0;\" >\n<div class=\"standard_wrapper\">\n<div class=\"page_content_wrapper\">\n<div class=\"inner\">\n<div style=\"margin:auto;width:100%\">\n<p><a href=\"http:\/\/virtual-tours.saintjamesway.eu\/alto-douro-vinhateiro\" target=\"_blank\" rel=\"noopener\"><img loading=\"lazy\" decoding=\"async\" class=\"alignnone size-medium wp-image-8215 aligncenter\" src=\"https:\/\/saintjamesway.eu\/wp-content\/uploads\/2020\/04\/portugal.svg\" alt=\"\" width=\"300\" height=\"300\" \/><\/a><\/p>\n<\/div>\n<\/div>\n<\/div>\n<\/div>\n<\/div>\n<\/div>\n<div class=\"standard_wrapper\">\n<div  class=\"one_fourth withsmallpadding ppb_text\" style=\"padding:30px 0 30px 0;\" >\n<div class=\"standard_wrapper\">\n<div class=\"page_content_wrapper\">\n<div class=\"inner\">\n<div style=\"margin:auto;width:100%\">\n<p style=\"text-align: center;\"><a href=\"http:\/\/virtual-tours.saintjamesway.eu\/\/360\/belgica\/ES\/\" target=\"_blank\" rel=\"noopener\"><img loading=\"lazy\" decoding=\"async\" class=\"alignnone size-medium wp-image-12112\" src=\"https:\/\/saintjamesway.eu\/es\/wp-content\/uploads\/sites\/2\/2020\/04\/namur_belgun-1.svg\" alt=\"\" width=\"300\" height=\"300\" \/><\/a><\/p>\n<\/div>\n<\/div>\n<\/div>\n<\/div>\n<\/div>\n<\/div>\n<div class=\"standard_wrapper\">\n<div  class=\"one_fourth last withsmallpadding ppb_text\" style=\"padding:30px 0 30px 0;\" >\n<div class=\"standard_wrapper\">\n<div class=\"page_content_wrapper\">\n<div class=\"inner\">\n<div style=\"margin:auto;width:100%\">\n<p><a href=\"http:\/\/virtual-tours.saintjamesway.eu\/360\/polonia\/ES\/\" target=\"_blank\" rel=\"noopener\"><img loading=\"lazy\" decoding=\"async\" class=\"alignnone size-medium wp-image-8212 aligncenter\" src=\"https:\/\/saintjamesway.eu\/wp-content\/uploads\/2020\/04\/kujawy_pomorze_polonia-1.svg\" alt=\"\" width=\"300\" height=\"300\" \/><\/a><\/p>\n<\/div>\n<\/div>\n<\/div>\n<\/div>\n<\/div>\n<\/div>\n<div class=\"standard_wrapper\">\n<div  class=\"one_fourth withsmallpadding ppb_text\" style=\"padding:30px 0 30px 0;\" >\n<div class=\"standard_wrapper\">\n<div class=\"page_content_wrapper\">\n<div class=\"inner\">\n<div style=\"margin:auto;width:100%\">\n<p><a href=\"http:\/\/virtual-tours.saintjamesway.eu\/360\/santiago\/ES\/\" target=\"_blank\" rel=\"noopener\"><img loading=\"lazy\" decoding=\"async\" class=\"alignnone wp-image-8220 size-medium aligncenter\" src=\"https:\/\/saintjamesway.eu\/wp-content\/uploads\/2020\/04\/galicia_turismo_spain.svg\" alt=\"\" width=\"300\" height=\"300\" \/><\/a><\/p>\n<\/div>\n<\/div>\n<\/div>\n<\/div>\n<\/div>\n<\/div>\n<div class=\"standard_wrapper\">\n<div  class=\"one_fourth withsmallpadding ppb_text\" style=\"padding:30px 0 30px 0;\" >\n<div class=\"standard_wrapper\">\n<div class=\"page_content_wrapper\">\n<div class=\"inner\">\n<div style=\"margin:auto;width:100%\">\n<p><a href=\"http:\/\/virtual-tours.saintjamesway.eu\/360\/italia\/ES\/\" target=\"_blank\" rel=\"noopener\"><img loading=\"lazy\" decoding=\"async\" class=\"alignnone size-medium wp-image-8219 aligncenter\" src=\"https:\/\/saintjamesway.eu\/wp-content\/uploads\/2020\/04\/Stemma_Assisi_colori.svg\" alt=\"\" width=\"300\" height=\"300\" \/><\/a><\/p>\n<\/div>\n<\/div>\n<\/div>\n<\/div>\n<\/div>\n<\/div>\n<div class=\"standard_wrapper\">\n<div  class=\"one_fourth withsmallpadding ppb_text\" style=\"padding:30px 0 30px 0;\" >\n<div class=\"standard_wrapper\">\n<div class=\"page_content_wrapper\">\n<div class=\"inner\">\n<div style=\"margin:auto;width:100%\">\n<p><a href=\"http:\/\/virtual-tours.saintjamesway.eu\/360\/polonia\/ES\/\" target=\"_blank\" rel=\"noopener\"><img loading=\"lazy\" decoding=\"async\" class=\"alignnone size-medium wp-image-8218 aligncenter\" src=\"https:\/\/saintjamesway.eu\/wp-content\/uploads\/2020\/04\/LT-Asociacion_logo-1.svg\" alt=\"\" width=\"300\" height=\"300\" \/><\/a><\/p>\n<\/div>\n<\/div>\n<\/div>\n<\/div>\n<\/div>\n<\/div>\n<div class=\"standard_wrapper\">\n<div  class=\"one_fourth last withsmallpadding ppb_text\" style=\"padding:30px 0 30px 0;\" >\n<div class=\"standard_wrapper\">\n<div class=\"page_content_wrapper\">\n<div class=\"inner\">\n<div style=\"margin:auto;width:100%\">\n<p><a href=\"http:\/\/virtual-tours.saintjamesway.eu\/360\/asturias\/ES\/\" target=\"_blank\" rel=\"noopener\"><img loading=\"lazy\" decoding=\"async\" class=\"alignnone size-medium wp-image-8217 aligncenter\" src=\"https:\/\/saintjamesway.eu\/wp-content\/uploads\/2020\/04\/principado_spain.svg\" alt=\"\" width=\"300\" height=\"300\" \/><\/a><\/p>\n<\/div>\n<\/div>\n<\/div>\n<\/div>\n<\/div>\n<\/div>\n<div  class=\"one withsmallpadding ppb_text\" style=\"padding:30px 0 30px 0;\" >\n<div class=\"standard_wrapper\">\n<div class=\"page_content_wrapper\">\n<div class=\"inner\">\n<div style=\"margin:auto;width:100%\">\n<p style=\"text-align: center;\"><a href=\"https:\/\/ec.europa.eu\/easme\/en\/news\/cosme-supports-digitalisation-camino-de-santiago\" target=\"_blank\" rel=\"noopener\"><img loading=\"lazy\" decoding=\"async\" class=\"alignnone wp-image-8866\" src=\"https:\/\/saintjamesway.eu\/wp-content\/uploads\/2020\/05\/cosme_en.svg\" alt=\"\" width=\"363\" height=\"75\" \/><\/a><\/p>\n<\/div>\n<\/div>\n<\/div>\n<\/div>\n<\/div>\n<div  class=\"one withsmallpadding ppb_text\" style=\"padding:5px;background-color:#bf2938;\" ><\/div>\n","protected":false},"excerpt":{"rendered":"<p>HERRAMIENTAS TOURS VIRTUALES 360\u00ba HERRAMIENTAS Visitas virtuales 360\u00ba 8 recorridos virtuales de 360 grados, con contenido audioguiado inmersivo y en varios idiomas, permiten a los peregrinos vivir una nueva experiencia y visitar los sitios m\u00e1s destacados de la UNESCO en [&hellip;]<\/p>\n","protected":false},"author":1,"featured_media":0,"parent":0,"menu_order":0,"comment_status":"closed","ping_status":"closed","template":"","meta":{"inline_featured_image":false,"_trash_the_other_posts":false,"editor_notices":[],"footnotes":""},"class_list":["post-8554","page","type-page","status-publish","hentry"],"_links":{"self":[{"href":"https:\/\/saintjamesway.eu\/es\/wp-json\/wp\/v2\/pages\/8554","targetHints":{"allow":["GET"]}}],"collection":[{"href":"https:\/\/saintjamesway.eu\/es\/wp-json\/wp\/v2\/pages"}],"about":[{"href":"https:\/\/saintjamesway.eu\/es\/wp-json\/wp\/v2\/types\/page"}],"author":[{"embeddable":true,"href":"https:\/\/saintjamesway.eu\/es\/wp-json\/wp\/v2\/users\/1"}],"replies":[{"embeddable":true,"href":"https:\/\/saintjamesway.eu\/es\/wp-json\/wp\/v2\/comments?post=8554"}],"version-history":[{"count":301,"href":"https:\/\/saintjamesway.eu\/es\/wp-json\/wp\/v2\/pages\/8554\/revisions"}],"predecessor-version":[{"id":12747,"href":"https:\/\/saintjamesway.eu\/es\/wp-json\/wp\/v2\/pages\/8554\/revisions\/12747"}],"wp:attachment":[{"href":"https:\/\/saintjamesway.eu\/es\/wp-json\/wp\/v2\/media?parent=8554"}],"curies":[{"name":"wp","href":"https:\/\/api.w.org\/{rel}","templated":true}]}}