{"id":4466,"date":"2016-02-20T06:15:01","date_gmt":"2016-02-20T06:15:01","guid":{"rendered":"http:\/\/saintjamesway.eu\/?page_id=4466"},"modified":"2025-07-08T10:26:47","modified_gmt":"2025-07-08T10:26:47","slug":"contactez-nous","status":"publish","type":"page","link":"https:\/\/saintjamesway.eu\/fr\/contactez-nous\/","title":{"rendered":"CONTACTEZ-NOUS"},"content":{"rendered":"<div id=\"ppb_header_video17519704071497046632\" class=\"one withsmallpadding ppb_header_video \" style=\"text-align:center;padding:30px 0 30px 0;color:#ffffff;;height:100vh;position:relative;\" >\n<div class=\"background_center_title_wrapper\" style=\"z-index:3;position:relative;\">\n<div class=\"title_content\">\n<h2 class=\"ppb_title\" style=\"color:#ffffff;\">CONTACTEZ-NOUS<\/h2>\n<div class=\"ppb_header_content\">\n<p><img loading=\"lazy\" decoding=\"async\" class=\"wp-image-7458 aligncenter\" src=\"https:\/\/saintjamesway.eu\/wp-content\/uploads\/2020\/04\/logo_isotipo_blanco.png\" alt=\"\" width=\"170\" height=\"184\" \/><\/p>\n<div class=\"icon-scroll\"><\/div>\n<\/div>\n<\/div>\n<\/div>\n<\/div>\n<\/div>\n<p><script>\n\t\t    jQuery(document).ready(function(){ \n\t\t    \tjQuery(\"#ppb_header_video17519704071497046632\").vide({mp4: \"https:\/\/saintjamesway.eu\/wp-content\/uploads\/2020\/04\/contact-1.mp4\",webm: \"https:\/\/saintjamesway.eu\/wp-content\/uploads\/2020\/05\/contact.webm\",ogv: \"https:\/\/saintjamesway.eu\/wp-content\/uploads\/2020\/05\/contact.ogv\",poster: \"https:\/\/saintjamesway.eu\/wp-content\/uploads\/2020\/04\/contact.jpg\",\n\t\t    \t      volumne: 0,\n\t\t    \t      muted: true\n\t\t    \t});\n\t\t    });<\/p>\n<p>\t\t\t\/\/FORCE VIDEO PLAY - SAFARI 11 ISSUE\n\t\t\tjQuery(window).load(function() {\n\t\t\t\tjQuery(\"#ppb_header_video17519704071497046632\").data(\"vide\").getVideoObject().play();\n\t\t\t});\n\t\t<\/script><\/p>\n<div  class=\"one withsmallpadding ppb_text\" style=\"padding:5px;background-color:#bf2938;\" ><\/div>\n<div class=\"standard_wrapper\">\n<div  class=\"one_third last withsmallpadding ppb_text\" style=\"padding:100px 0 100px 0;\" >\n<div class=\"standard_wrapper\">\n<div class=\"page_content_wrapper\">\n<div class=\"inner\">\n<div style=\"margin:auto;width:100%\">\n<h2><img loading=\"lazy\" decoding=\"async\" class=\"alignnone size-medium wp-image-8022\" src=\"https:\/\/saintjamesway.eu\/wp-content\/uploads\/2020\/04\/logo_saint_james_way_H.svg\" alt=\"\" width=\"300\" height=\"300\" \/><\/h2>\n<h3 style=\"font-weight: 500; color: #111111;\"><span style=\"font-weight: inherit; font-style: inherit; color: #000000;\">F\u00c9D\u00c9RATION EUROP\u00c9ENNE DES CHEMINS DE SAINT-JACQUES-DE-COMPOSTELLE<\/span><\/h3>\n<p style=\"color: #ffffff;\"><span style=\"font-weight: inherit; font-style: inherit; color: #000000;\">H\u00f4tel-Dieu 2, rue Becdeli\u00e8vre<\/span><br \/>\n<span style=\"font-weight: inherit; font-style: inherit; color: #000000;\">43000 Le Puy-en-Velay \u2013 FRANCE<\/span><br \/>\n<span style=\"font-weight: inherit; font-style: inherit; color: #000000;\">T\u00e9l. : +33 (0)4 71 07 00 20<\/span><br \/>\n<span style=\"font-weight: inherit; font-style: inherit; color: #000000;\">Fax : +33 (0)4 71 07 00 01<\/span><br \/>\n<span style=\"font-weight: inherit; font-style: inherit; color: #000000;\">contact@saintjamesway.eu<\/span><\/p>\n<\/div>\n<\/div>\n<\/div>\n<\/div>\n<\/div>\n<\/div>\n<div class=\"standard_wrapper\">\n<div  class=\"two_third withsmallpadding ppb_text\" style=\"background-color: #f7f7f7;padding:100px 0 100px 0;\" >\n<div class=\"standard_wrapper\">\n<div class=\"page_content_wrapper\">\n<div class=\"inner\">\n<div style=\"margin:auto;width:80%\">\n<div style=\"text-align: center;\">\n<h2>CONTACTEZ-NOUS<\/h2>\n<\/div>\n<hr class=\"title_break center\" \/>\n<div id=\"reponse_msg_1751970407780984783\" class=\"contact_form_response\">\n<ul><\/ul>\n<\/div>\n<form id=\"contact_form_1751970407780984783\" class=\"contact_form_wrapper\" method=\"post\" action=\"\/wp-admin\/admin-ajax.php\"><input type=\"hidden\" id=\"action\" name=\"action\" value=\"grandportfolio_contact_mailer\"\/><label for=\"your_name\">Name *<\/label><br \/>\n    \t\t\t\t<input id=\"your_name\" name=\"your_name\" type=\"text\" class=\"required_field\" placeholder=\"Name *\"\/><br \/>\n    \t\t\t\t<label for=\"email\">Email *<\/label><br \/>\n    \t\t\t\t<input id=\"email\" name=\"email\" type=\"text\" class=\"required_field email\" placeholder=\"Email *\"\/><br \/>\n    \t\t\t\t<label for=\"message\">Message *<\/label><br \/>\n    \t\t\t\t<textarea id=\"message\" name=\"message\" rows=\"7\" cols=\"10\" class=\"required_field\" style=\"width:98%;\" placeholder=\"Message *\"><\/textarea><\/p>\n<div id=\"captcha-wrap\">\n<div class=\"captcha-box\">\n    \t\t\t<img decoding=\"async\" src=\"https:\/\/saintjamesway.eu\/fr\/wp-admin\/admin-ajax.php?action=grandportfolio_get_captcha\" alt=\"\" id=\"captcha\" \/>\n    \t\t<\/div>\n<div class=\"text-box\">\n    \t\t\t<label>Type the two words:<\/label><br \/>\n    \t\t\t<input name=\"captcha-code\" type=\"text\" id=\"captcha-code\">\n    \t\t<\/div>\n<div class=\"captcha-action\">\n    \t\t\t<img decoding=\"async\" src=\"https:\/\/saintjamesway.eu\/fr\/wp-content\/themes\/grandportfolio\/images\/refresh.jpg\"  alt=\"\" id=\"captcha-refresh\" \/>\n    \t\t<\/div>\n<\/p><\/div>\n<p>    \t<br class=\"clear\"\/><\/p>\n<p><\/p>\n<div class=\"contact_submit_wrapper\">\n    \t<input id=\"contact_submit_btn1751970407780984783\" name=\"contact_submit_btn1751970407780984783\" type=\"submit\" class=\"solidbg\" value=\"Send\"\/>\n    <\/div>\n<\/form>\n<p><br class=\"clear\"\/><\/div>\n<\/div>\n<\/div>\n<\/div>\n<\/div>\n<\/div>\n<p><script>\n\t\t jQuery(\"img#captcha-refresh\").click(function() {  <\/p>\n<p>\t\t     \tchange_captcha1751970407780984783();\n\t\t });<\/p>\n<p>\t\t function change_captcha1751970407780984783()\n\t\t {\n\t\t     document.getElementById(\"captcha\").src=\"https:\/\/saintjamesway.eu\/fr\/wp-admin\/admin-ajax.php?action=grandportfolio_get_captcha&rnd=\" + Math.random();\n\t\t }<\/p>\n<p>\tjQuery(document).ready(function() {\n\t    jQuery(\"form#contact_form_1751970407780984783\").submit(function() {\n\t    \tjQuery(\"form#contact_form_1751970407780984783 .error\").remove();\n\t    \tvar hasError = false;\n\t    \tjQuery(\".required_field\").each(function() {\n\t    \t\tif(jQuery.trim(jQuery(this).val()) == \"\") {\n\t    \t\t\tvar labelText = jQuery(this).prev(\"label\").text();\n\t    \t\t\tjQuery(\"#reponse_msg_1751970407780984783 ul\").append(\"<\/p>\n<li class=\"error\">Please enter\"+labelText+\"<\/li>\n<p>\");\n\t    \t\t\thasError = true;\n\t    \t\t} else if(jQuery(this).hasClass(\"email\")) {\n\t    \t\t\tvar emailReg = \/^([w-.]+@([w-]+.)+[w-]{2,4})?$\/;\n\t    \t\t\tif(!emailReg.test(jQuery.trim(jQuery(this).val()))) {\n\t    \t\t\t\tvar labelText = jQuery(this).prev(\"label\").text();\n\t    \t\t\t\tjQuery(\"#reponse_msg_1751970407780984783 ul\").append(\"<\/p>\n<li class=\"error\">Please enter valid\"+labelText+\"<\/li>\n<p>\");\n\t    \t\t\t\thasError = true;\n\t    \t\t\t}\n\t    \t\t}\n\t    \t});\n\t    \tif(!hasError) {\n\t    \t\tvar contactData = jQuery(\"form#contact_form_1751970407780984783\").serialize();<\/p>\n<p>\t    \t\tjQuery.ajax({\n\t    \t\t    type: \"GET\",\n\t    \t\t    url: \"https:\/\/saintjamesway.eu\/fr\/wp-admin\/admin-ajax.php\",\n\t    \t\t    data: contactData+\"&action=grandportfolio_get_captcha&check=true\",\n\t    \t\t    success: function(msg){\n\t    \t\t    \tif(msg == \"true\")\n\t    \t\t    \t{\n\t    \t\t    \t\tjQuery(\"#contact_submit_btn1751970407780984783\").fadeOut(\"normal\", function() {\n\t    \t\t\t\t\t\tjQuery(this).parent().append(\"<i class=\"fa fa-circle-o-notch fa-spin\"><\/i>\");\n\t    \t\t\t\t\t});<\/p>\n<p>\t    \t\t    \t\tjQuery.ajax({\n\t    \t\t\t\t\t    type: \"POST\",\n\t    \t\t\t\t\t    url: \"https:\/\/saintjamesway.eu\/fr\/wp-admin\/admin-ajax.php\",\n\t    \t\t\t\t\t    data: contactData+\"&tg_security=12f45dda1e\",\n\t    \t\t\t\t\t    success: function(results){\n\t    \t\t\t\t\t    \tjQuery(\"form#contact_form_1751970407780984783\").hide();\n\t    \t\t\t\t\t    \tjQuery(\"#reponse_msg_1751970407780984783\").html(results);\n\t    \t\t\t\t\t    }\n\t    \t\t\t\t\t});\n\t    \t\t    \t}\n\t    \t\t    \telse\n\t    \t\t    \t{\n\t    \t\t    \t\talert(msg);\n\t    \t\t    \t\treturn false;\n\t    \t\t    \t}\n\t    \t\t    }\n\t    \t\t});<\/p>\n<p>\t    \t}<\/p>\n<p>\t    \treturn false;<\/p>\n<p>\t    });\n\t});\n\t<\/script><\/p>\n<div  class=\"one withsmallpadding ppb_text\" style=\"padding:0px;\" >\n<style type=\"text\/css\" id=\"umsMapStyles_5_1161\">\n    #ultimate_maps_5_1161 {\n        width: 100%;\n        height: 600px;\n                border: 0px solid ;\n        margin: 0px;\n    }\n    #mapsControlsNum_5_1161 {\n        width:100%    }\n    .umsMapDetailsContainer#umsMapDetailsContainer_5_1161 {\n        height:600px;\n    }\n    .ums_MapPreview#ultimate_maps_5_1161 {\n        \/*position:absolute;*\/\n        width:100%;\n    }\n    #mapConElem_5_1161{\n        width:100%    }\n    <\/style>\n<div class=\"ums_map_opts\" id=\"mapConElem_5_1161\" data-id=\"5\" data-view-id=\"5_1161\" >\n<div class=\"umsMapDetailsContainer\" id=\"umsMapDetailsContainer_5_1161\"> <i class=\"umsKMLLayersPreloader fa fa-spinner fa-spin\" aria-hidden=\"true\" style=\"display: none;\"><\/i> <\/p>\n<div class=\"ums_MapPreview \" id=\"ultimate_maps_5_1161\"><\/div>\n<\/p><\/div>\n<div class=\"umsMapMarkerFilters\" id=\"umsMapMarkerFilters_5_1161\"> <\/div>\n<div class=\"umsMapProControlsCon\" id=\"umsMapProControlsCon_5_1161\"> <a title=\"Google Maps WordPress\" style=\"display:none;\" href=\"https:\/\/supsystic.com\/plugins\/google-maps-plugin\/?utm_medium=love_link_hide\" target=\"_blank\">Google Maps WordPress<\/a><\/p>\n<div style=\"clear: both;\"><\/div>\n<\/p><\/div>\n<div class=\"umsMapProDirectionsCon\" id=\"umsMapProDirectionsCon_5_1161\" > <\/div>\n<div class=\"umsMapProKmlFilterCon\" id=\"umsMapProKmlFilterCon_5_1161\" > <\/div>\n<div class=\"umsSocialSharingShell umsSocialSharingShell_5_1161\"> <\/div>\n<div style=\"clear: both;\"><\/div>\n<\/p><\/div>\n<\/div>\n<div  class=\"one withsmallpadding ppb_text\" style=\"padding:5px;background-color:#bf2938;\" ><\/div>\n","protected":false},"excerpt":{"rendered":"<p>CONTACTEZ-NOUS F\u00c9D\u00c9RATION EUROP\u00c9ENNE DES CHEMINS DE SAINT-JACQUES-DE-COMPOSTELLE H\u00f4tel-Dieu 2, rue Becdeli\u00e8vre 43000 Le Puy-en-Velay \u2013 FRANCE T\u00e9l. : +33 (0)4 71 07 00 20 Fax : +33 (0)4 71 07 00 01 contact@saintjamesway.eu CONTACTEZ-NOUS Name * Email * Message * [&hellip;]<\/p>\n","protected":false},"author":1,"featured_media":0,"parent":0,"menu_order":0,"comment_status":"closed","ping_status":"closed","template":"","meta":{"inline_featured_image":false,"_trash_the_other_posts":false,"editor_notices":[],"footnotes":""},"class_list":["post-4466","page","type-page","status-publish","hentry"],"_links":{"self":[{"href":"https:\/\/saintjamesway.eu\/fr\/wp-json\/wp\/v2\/pages\/4466","targetHints":{"allow":["GET"]}}],"collection":[{"href":"https:\/\/saintjamesway.eu\/fr\/wp-json\/wp\/v2\/pages"}],"about":[{"href":"https:\/\/saintjamesway.eu\/fr\/wp-json\/wp\/v2\/types\/page"}],"author":[{"embeddable":true,"href":"https:\/\/saintjamesway.eu\/fr\/wp-json\/wp\/v2\/users\/1"}],"replies":[{"embeddable":true,"href":"https:\/\/saintjamesway.eu\/fr\/wp-json\/wp\/v2\/comments?post=4466"}],"version-history":[{"count":187,"href":"https:\/\/saintjamesway.eu\/fr\/wp-json\/wp\/v2\/pages\/4466\/revisions"}],"predecessor-version":[{"id":12853,"href":"https:\/\/saintjamesway.eu\/fr\/wp-json\/wp\/v2\/pages\/4466\/revisions\/12853"}],"wp:attachment":[{"href":"https:\/\/saintjamesway.eu\/fr\/wp-json\/wp\/v2\/media?parent=4466"}],"curies":[{"name":"wp","href":"https:\/\/api.w.org\/{rel}","templated":true}]}}