{"id":6786,"date":"2020-04-16T12:47:25","date_gmt":"2020-04-16T12:47:25","guid":{"rendered":"http:\/\/saintjamesway.eu\/?page_id=6786"},"modified":"2021-11-24T12:27:09","modified_gmt":"2021-11-24T12:27:09","slug":"la-federation-europeenne","status":"publish","type":"page","link":"https:\/\/saintjamesway.eu\/fr\/la-federation-europeenne\/","title":{"rendered":"LA F\u00c9D\u00c9RATION EUROP\u00c9ENNE"},"content":{"rendered":"<div id=\"ppb_header_video16377568291554106684\" class=\"one withsmallpadding ppb_header_video \" style=\"text-align:left;padding:30px 0 30px 0;;height:75vh;position:relative;\" >\n<div class=\"overlay_background_title\" style=\"background-color: rgba(0, 0, 0, 0.4);\"><\/div>\n<div class=\"background_center_title_wrapper\" style=\"z-index:3;position:relative;\">\n<div class=\"title_content\">\n<h2 class=\"ppb_title\" style=\"\">LA F\u00c3\u2030D\u00c3\u2030RATION EUROP\u00c3\u2030ENNE<\/h2>\n<div class=\"ppb_header_content\">\n<p><img decoding=\"async\" loading=\"lazy\" class=\"wp-image-7458 aligncenter\" src=\"https:\/\/saintjamesway.eu\/wp-content\/uploads\/2020\/04\/logo_isotipo_blanco.png\" alt=\"\" width=\"170\" height=\"184\" \/><\/p>\n<div class=\"icon-scroll\"><\/div>\n<\/div>\n<\/div>\n<\/div>\n<\/div>\n<\/div>\n<div  class=\"one withsmallpadding ppb_text\" style=\"padding:30px;\" ><\/div>\n<div class=\"standard_wrapper\">\n<div  class=\"one_third withsmallpadding ppb_header \" style=\"text-align:left;padding:30px 0 30px 0;\" >\n<div class=\"page_content_wrapper\">\n<div class=\"inner\">\n<div style=\"margin:auto;width:100%\">\n<h2 class=\"ppb_title\" style=\"\">Objectifs<\/h2>\n<\/div>\n<\/div>\n<\/div>\n<\/div>\n<\/div>\n<div class=\"standard_wrapper\">\n<div  class=\"one_half withsmallpadding ppb_text\" style=\"padding:30px 0 30px 0;\" >\n<div class=\"standard_wrapper\">\n<div class=\"page_content_wrapper\">\n<div class=\"inner\">\n<div style=\"margin:auto;width:100%\">\n<p style=\"text-align: justify;\">La F\u00c3\u00a9d\u00c3\u00a9ration europ\u00c3\u00a9enne des Chemins de Compostelle a deux objectifs pricipaux. Le premier est de r\u00c3\u00a9unir tous les pays par lesquels passe le Chemin. Le second est d&#8217;impliquer dans chacun d&#8217;eux des acteurs associatifs, tels que des universit\u00c3\u00a9s ou des organisations socioculturelles et \u00c3\u00a9conomiques, qui contribuent \u00c3\u00a0 construire une conscience europ\u00c3\u00a9enne commune des Chemins de Compostelle, con\u00c3\u00a7u par le Conseil de l&#8217;Europe comme un patrimoine commun et un mod\u00c3\u00a8le historique de coexistence et de solidarit\u00c3\u00a9.<\/p>\n<p style=\"text-align: justify;\">La F\u00c3\u00a9d\u00c3\u00a9ration a \u00c3\u00a9t\u00c3\u00a9 cr\u00c3\u00a9\u00c3\u00a9e le 25 mai 2011 (Association Loi 1901 d\u00c3\u00a9clar\u00c3\u00a9e le 28\/05\/2011 N \u00c2\u00b0 W432003471) dans le but d&#8217;\u00c3\u00aatre la seule r\u00c3\u00a9f\u00c3\u00a9rence pour l&#8217;Institut des Itin\u00c3\u00a9raires Culturels Europ\u00c3\u00a9ens et de garantir l&#8217;application du label ICE (European Cultural Route), cr\u00c3\u00a9\u00c3\u00a9e par le Conseil de l&#8217;Europe pour promouvoir une culture europ\u00c3\u00a9enne commune.<\/p>\n<p style=\"text-align: justify;\">Depuis lors, la F\u00c3\u00a9d\u00c3\u00a9ration europ\u00c3\u00a9enne a travaill\u00c3\u00a9 pour diffuser les exp\u00c3\u00a9riences de chaque communaut\u00c3\u00a9 de Saint-Jacques et donner une coh\u00c3\u00a9rence aux actions des diff\u00c3\u00a9rents acteurs dans chaque pays participant, en d\u00c3\u00a9veloppant des projets communs \u00c3\u00a0 fort impact visant \u00c3\u00a0 attirer et \u00c3\u00a0 \u00c3\u00a9largir le r\u00c3\u00a9seau europ\u00c3\u00a9en.<\/p>\n<\/div>\n<\/div>\n<\/div>\n<\/div>\n<\/div>\n<\/div>\n<div class=\"standard_wrapper\">\n<div  class=\"one_half withsmallpadding ppb_text\" style=\"padding:30px 0 30px 0;\" >\n<div class=\"standard_wrapper\">\n<div class=\"page_content_wrapper\">\n<div class=\"inner\">\n<div style=\"margin:auto;width:100%\">\n<p style=\"text-align: justify;\">La F\u00c3\u00a9d\u00c3\u00a9ration europ\u00c3\u00a9enne des Chemins de Compostelle a deux objectifs pricipaux. Le premier est de r\u00c3\u00a9unir tous les pays par lesquels passe le Chemin. Le second est d&#8217;impliquer dans chacun d&#8217;eux des acteurs associatifs, tels que des universit\u00c3\u00a9s ou des organisations socioculturelles et \u00c3\u00a9conomiques, qui contribuent \u00c3\u00a0 construire une conscience europ\u00c3\u00a9enne commune des Chemins de Compostelle, con\u00c3\u00a7u par le Conseil de l&#8217;Europe comme un patrimoine commun et un mod\u00c3\u00a8le historique de coexistence et de solidarit\u00c3\u00a9.<\/p>\n<p style=\"text-align: justify;\">La F\u00c3\u00a9d\u00c3\u00a9ration a \u00c3\u00a9t\u00c3\u00a9 cr\u00c3\u00a9\u00c3\u00a9e le 25 mai 2011 (Association Loi 1901 d\u00c3\u00a9clar\u00c3\u00a9e le 28\/05\/2011 N \u00c2\u00b0 W432003471) dans le but d&#8217;\u00c3\u00aatre la seule r\u00c3\u00a9f\u00c3\u00a9rence pour l&#8217;Institut des Itin\u00c3\u00a9raires Culturels Europ\u00c3\u00a9ens et de garantir l&#8217;application du label ICE (European Cultural Route), cr\u00c3\u00a9\u00c3\u00a9e par le Conseil de l&#8217;Europe pour promouvoir une culture europ\u00c3\u00a9enne commune.<\/p>\n<p style=\"text-align: justify;\">Depuis lors, la F\u00c3\u00a9d\u00c3\u00a9ration europ\u00c3\u00a9enne a travaill\u00c3\u00a9 pour diffuser les exp\u00c3\u00a9riences de chaque communaut\u00c3\u00a9 de Saint-Jacques et donner une coh\u00c3\u00a9rence aux actions des diff\u00c3\u00a9rents acteurs dans chaque pays participant, en d\u00c3\u00a9veloppant des projets communs \u00c3\u00a0 fort impact visant \u00c3\u00a0 attirer et \u00c3\u00a0 \u00c3\u00a9largir le r\u00c3\u00a9seau europ\u00c3\u00a9en.<\/p>\n<\/div>\n<\/div>\n<\/div>\n<\/div>\n<\/div>\n<\/div>\n<div class=\"standard_wrapper\">\n<div  class=\"one_half withsmallpadding ppb_text\" style=\"padding:30px 0 30px 0;\" >\n<div class=\"standard_wrapper\">\n<div class=\"page_content_wrapper\">\n<div class=\"inner\">\n<div style=\"margin:auto;width:100%\">\n<p style=\"text-align: justify;\">La F\u00c3\u00a9d\u00c3\u00a9ration europ\u00c3\u00a9enne des Chemins de Compostelle a deux objectifs pricipaux. Le premier est de r\u00c3\u00a9unir tous les pays par lesquels passe le Chemin. Le second est d&#8217;impliquer dans chacun d&#8217;eux des acteurs associatifs, tels que des universit\u00c3\u00a9s ou des organisations socioculturelles et \u00c3\u00a9conomiques, qui contribuent \u00c3\u00a0 construire une conscience europ\u00c3\u00a9enne commune des Chemins de Compostelle, con\u00c3\u00a7u par le Conseil de l&#8217;Europe comme un patrimoine commun et un mod\u00c3\u00a8le historique de coexistence et de solidarit\u00c3\u00a9.<\/p>\n<p style=\"text-align: justify;\">La F\u00c3\u00a9d\u00c3\u00a9ration a \u00c3\u00a9t\u00c3\u00a9 cr\u00c3\u00a9\u00c3\u00a9e le 25 mai 2011 (Association Loi 1901 d\u00c3\u00a9clar\u00c3\u00a9e le 28\/05\/2011 N \u00c2\u00b0 W432003471) dans le but d&#8217;\u00c3\u00aatre la seule r\u00c3\u00a9f\u00c3\u00a9rence pour l&#8217;Institut des Itin\u00c3\u00a9raires Culturels Europ\u00c3\u00a9ens et de garantir l&#8217;application du label ICE (European Cultural Route), cr\u00c3\u00a9\u00c3\u00a9e par le Conseil de l&#8217;Europe pour promouvoir une culture europ\u00c3\u00a9enne commune.<\/p>\n<p style=\"text-align: justify;\">Depuis lors, la F\u00c3\u00a9d\u00c3\u00a9ration europ\u00c3\u00a9enne a travaill\u00c3\u00a9 pour diffuser les exp\u00c3\u00a9riences de chaque communaut\u00c3\u00a9 de Saint-Jacques et donner une coh\u00c3\u00a9rence aux actions des diff\u00c3\u00a9rents acteurs dans chaque pays participant, en d\u00c3\u00a9veloppant des projets communs \u00c3\u00a0 fort impact visant \u00c3\u00a0 attirer et \u00c3\u00a0 \u00c3\u00a9largir le r\u00c3\u00a9seau europ\u00c3\u00a9en.<\/p>\n<\/div>\n<\/div>\n<\/div>\n<\/div>\n<\/div>\n<\/div>\n<div class=\"standard_wrapper\">\n<div  class=\"one_half withsmallpadding ppb_text\" style=\"padding:30px 0 30px 0;\" >\n<div class=\"standard_wrapper\">\n<div class=\"page_content_wrapper\">\n<div class=\"inner\">\n<div style=\"margin:auto;width:100%\">\n<p style=\"color: #111111;\"><img decoding=\"async\" loading=\"lazy\" class=\"alignnone wp-image-9672 aligncenter\" style=\"font-weight: inherit; font-style: inherit;\" src=\"https:\/\/saintjamesway.eu\/wp-content\/uploads\/2020\/05\/mision.svg\" alt=\"\" width=\"81\" height=\"81\" \/><\/p>\n<h3 style=\"font-weight: 500; color: #111111; text-align: center;\"><strong>MISSION<\/strong><\/h3>\n<p style=\"text-align: justify;\">La F\u00c3\u00a9d\u00c3\u00a9ration est l&#8217;interlocuteur officiel avec les autorit\u00c3\u00a9s locales et europ\u00c3\u00a9ennes pour partager leurs exp\u00c3\u00a9riences individuelles et donner une coh\u00c3\u00a9sion aux actions communes. Tout cela dans le but de g\u00c3\u00a9rer et de signaler syst\u00c3\u00a9matiquement la voie.<\/p>\n<\/div>\n<\/div>\n<\/div>\n<\/div>\n<\/div>\n<\/div>\n<div class=\"standard_wrapper\">\n<div  class=\"one_half last withsmallpadding ppb_text\" style=\"padding:30px 0 30px 0;\" >\n<div class=\"standard_wrapper\">\n<div class=\"page_content_wrapper\">\n<div class=\"inner\">\n<div style=\"margin:auto;width:100%\">\n<p style=\"color: #111111;\"><img decoding=\"async\" loading=\"lazy\" class=\" wp-image-9698 aligncenter\" src=\"https:\/\/saintjamesway.eu\/wp-content\/uploads\/2020\/05\/equipo.svg\" alt=\"\" width=\"80\" height=\"80\" \/><\/p>\n<h3 style=\"font-weight: 500; color: #111111; text-align: center;\"><strong>\u00c3\u2030QUIPE<\/strong><\/h3>\n<p style=\"text-align: justify;\">Elle dispose d&#8217;un chef de projet, charg\u00c3\u00a9 du secr\u00c3\u00a9tariat et des travaux de diffusion, et d&#8217;une comit\u00c3\u00a9 de pilotage compos\u00c3\u00a9 de l&#8217;\u00c3\u00a9quipe de direction et technique de chaque territoire membre de la F\u00c3\u00a9d\u00c3\u00a9ration.<\/p>\n<\/div>\n<\/div>\n<\/div>\n<\/div>\n<\/div>\n<\/div>\n<div class=\"standard_wrapper\">\n<div  class=\"one_half last withsmallpadding ppb_text\" style=\"padding:30px 0 30px 0;\" >\n<div class=\"standard_wrapper\">\n<div class=\"page_content_wrapper\">\n<div class=\"inner\">\n<div style=\"margin:auto;width:100%\">\n<p style=\"color: #111111;\"><img decoding=\"async\" loading=\"lazy\" class=\" wp-image-9698 aligncenter\" src=\"https:\/\/saintjamesway.eu\/wp-content\/uploads\/2020\/05\/equipo.svg\" alt=\"\" width=\"80\" height=\"80\" \/><\/p>\n<h3 style=\"font-weight: 500; color: #111111; text-align: center;\"><strong>\u00c3\u2030QUIPE<\/strong><\/h3>\n<p style=\"text-align: justify;\">Elle dispose d&#8217;un chef de projet, charg\u00c3\u00a9 du secr\u00c3\u00a9tariat et des travaux de diffusion, et d&#8217;une comit\u00c3\u00a9 de pilotage compos\u00c3\u00a9 de l&#8217;\u00c3\u00a9quipe de direction et technique de chaque territoire membre de la F\u00c3\u00a9d\u00c3\u00a9ration.<\/p>\n<\/div>\n<\/div>\n<\/div>\n<\/div>\n<\/div>\n<\/div>\n<div class=\"standard_wrapper\">\n<div  class=\"one_half withsmallpadding ppb_text\" style=\"padding:30px 0 30px 0;\" >\n<div class=\"standard_wrapper\">\n<div class=\"page_content_wrapper\">\n<div class=\"inner\">\n<div style=\"margin:auto;width:100%\">\n<p style=\"color: #111111;\"><img decoding=\"async\" loading=\"lazy\" class=\" wp-image-9694 aligncenter\" src=\"https:\/\/saintjamesway.eu\/wp-content\/uploads\/2020\/05\/promocion.svg\" alt=\"\" width=\"80\" height=\"80\" \/><\/p>\n<h3 style=\"font-weight: 500; color: #111111; text-align: center;\"><strong>PROMOTION<\/strong><\/h3>\n<p style=\"text-align: justify;\">La F\u00c3\u00a9d\u00c3\u00a9ration rend compte de toute son activit\u00c3\u00a9 et de celle des territoires membres sur le site www.saintjamesway.eu et g\u00c3\u00a8re la marque europ\u00c3\u00a9enne \u00c2\u00abSaint James Way\u00c2\u00bb.<\/p>\n<\/div>\n<\/div>\n<\/div>\n<\/div>\n<\/div>\n<\/div>\n<div class=\"standard_wrapper\">\n<div  class=\"one_half last withsmallpadding ppb_text\" style=\"padding:30px 0 30px 0;\" >\n<div class=\"standard_wrapper\">\n<div class=\"page_content_wrapper\">\n<div class=\"inner\">\n<div style=\"margin:auto;width:100%\">\n<p style=\"color: #111111;\"><img decoding=\"async\" loading=\"lazy\" class=\" wp-image-9702 aligncenter\" src=\"https:\/\/saintjamesway.eu\/wp-content\/uploads\/2020\/05\/sede.svg\" alt=\"\" width=\"80\" height=\"80\" \/><\/p>\n<h3 style=\"font-weight: 500; color: #111111; text-align: center;\"><strong>SI\u00c3\u02c6GE<\/strong><\/h3>\n<p style=\"color: #111111; text-align: justify;\">La F\u00c3\u00a9d\u00c3\u00a9ration a son si\u00c3\u00a8ge social au Puy-en-Velay (France), dans l&#8217;historique H\u00c3\u00b4tel-Dieu, ancien h\u00c3\u00b4pital de p\u00c3\u00a8lerins, inscrit au patrimoine mondial de l&#8217;UNESCO sur le chemin de Saint-Jacques en France (1998).<\/p>\n<\/div>\n<\/div>\n<\/div>\n<\/div>\n<\/div>\n<\/div>\n<div class=\"standard_wrapper\">\n<div  class=\"one_half last withsmallpadding ppb_text\" style=\"padding:30px 0 30px 0;\" >\n<div class=\"standard_wrapper\">\n<div class=\"page_content_wrapper\">\n<div class=\"inner\">\n<div style=\"margin:auto;width:100%\">\n<p style=\"color: #111111;\"><img decoding=\"async\" loading=\"lazy\" class=\" wp-image-9702 aligncenter\" src=\"https:\/\/saintjamesway.eu\/wp-content\/uploads\/2020\/05\/sede.svg\" alt=\"\" width=\"80\" height=\"80\" \/><\/p>\n<h3 style=\"font-weight: 500; color: #111111; text-align: center;\"><strong>SI\u00c3\u02c6GE<\/strong><\/h3>\n<p style=\"color: #111111; text-align: justify;\">La F\u00c3\u00a9d\u00c3\u00a9ration a son si\u00c3\u00a8ge social au Puy-en-Velay (France), dans l&#8217;historique H\u00c3\u00b4tel-Dieu, ancien h\u00c3\u00b4pital de p\u00c3\u00a8lerins, inscrit au patrimoine mondial de l&#8217;UNESCO sur le chemin de Saint-Jacques en France (1998).<\/p>\n<\/div>\n<\/div>\n<\/div>\n<\/div>\n<\/div>\n<\/div>\n<div  class=\"one withsmallpadding ppb_text\" style=\"padding:30px;\" ><\/div>\n","protected":false},"excerpt":{"rendered":"<p>LA F\u00c3\u2030D\u00c3\u2030RATION EUROP\u00c3\u2030ENNE Objectifs La F\u00c3\u00a9d\u00c3\u00a9ration europ\u00c3\u00a9enne des Chemins de Compostelle a deux objectifs pricipaux. Le premier est de r\u00c3\u00a9unir tous les pays par lesquels passe le Chemin. Le second est d&#8217;impliquer dans chacun d&#8217;eux des acteurs associatifs, tels que [&hellip;]<\/p>\n","protected":false},"author":1,"featured_media":0,"parent":0,"menu_order":0,"comment_status":"closed","ping_status":"closed","template":"","meta":{"inline_featured_image":false,"_trash_the_other_posts":false,"editor_notices":[],"footnotes":""},"class_list":["post-6786","page","type-page","status-publish","hentry"],"_links":{"self":[{"href":"https:\/\/saintjamesway.eu\/fr\/wp-json\/wp\/v2\/pages\/6786","targetHints":{"allow":["GET"]}}],"collection":[{"href":"https:\/\/saintjamesway.eu\/fr\/wp-json\/wp\/v2\/pages"}],"about":[{"href":"https:\/\/saintjamesway.eu\/fr\/wp-json\/wp\/v2\/types\/page"}],"author":[{"embeddable":true,"href":"https:\/\/saintjamesway.eu\/fr\/wp-json\/wp\/v2\/users\/1"}],"replies":[{"embeddable":true,"href":"https:\/\/saintjamesway.eu\/fr\/wp-json\/wp\/v2\/comments?post=6786"}],"version-history":[{"count":509,"href":"https:\/\/saintjamesway.eu\/fr\/wp-json\/wp\/v2\/pages\/6786\/revisions"}],"predecessor-version":[{"id":12226,"href":"https:\/\/saintjamesway.eu\/fr\/wp-json\/wp\/v2\/pages\/6786\/revisions\/12226"}],"wp:attachment":[{"href":"https:\/\/saintjamesway.eu\/fr\/wp-json\/wp\/v2\/media?parent=6786"}],"curies":[{"name":"wp","href":"https:\/\/api.w.org\/{rel}","templated":true}]}}