{"id":8554,"date":"2020-05-01T15:40:49","date_gmt":"2020-05-01T15:40:49","guid":{"rendered":"http:\/\/saintjamesway.eu\/?page_id=8554"},"modified":"2025-05-25T21:22:30","modified_gmt":"2025-05-25T21:22:30","slug":"visites-virtuelles","status":"publish","type":"page","link":"https:\/\/saintjamesway.eu\/fr\/visites-virtuelles\/","title":{"rendered":"VISITES VIRTUELLES 360\u00ba"},"content":{"rendered":"<div id=\"ppb_header_video17482081501130043591\" class=\"one withsmallpadding ppb_header_video \" style=\"text-align:left;padding:30px 0 30px 0;color:#bf2938;;height:100vh;position:relative;\" >\n<div class=\"background_center_title_wrapper\" style=\"z-index:3;position:relative;\">\n<div class=\"title_content\">\n<div class=\"ppb_subtitle\" style=\"color:#bf2938;\">OUTILS<\/div>\n<h2 class=\"ppb_title\" style=\"color:#bf2938;\">VISITES VIRTUELLES 360\u00ba<\/h2>\n<div class=\"ppb_header_content\">\n<p><img loading=\"lazy\" decoding=\"async\" class=\"wp-image-7458 aligncenter\" src=\"https:\/\/saintjamesway.eu\/wp-content\/uploads\/2020\/04\/logo_isotipo_blanco.png\" alt=\"\" width=\"170\" height=\"184\" \/><\/p>\n<div class=\"icon-scroll\"><\/div>\n<\/div>\n<\/div>\n<\/div>\n<\/div>\n<\/div>\n<p><script>\n\t\t    jQuery(document).ready(function(){ \n\t\t    \tjQuery(\"#ppb_header_video17482081501130043591\").vide({mp4: \"https:\/\/saintjamesway.eu\/wp-content\/uploads\/2020\/05\/tools.mp4\",webm: \"https:\/\/saintjamesway.eu\/wp-content\/uploads\/2020\/05\/tools.webm\",ogv: \"https:\/\/saintjamesway.eu\/wp-content\/uploads\/2020\/05\/tools.ogv\",poster: \"https:\/\/saintjamesway.eu\/wp-content\/uploads\/2020\/05\/tools.jpg\",\n\t\t    \t      volumne: 0,\n\t\t    \t      muted: true\n\t\t    \t});\n\t\t    });<\/p>\n<p>\t\t\t\/\/FORCE VIDEO PLAY - SAFARI 11 ISSUE\n\t\t\tjQuery(window).load(function() {\n\t\t\t\tjQuery(\"#ppb_header_video17482081501130043591\").data(\"vide\").getVideoObject().play();\n\t\t\t});\n\t\t<\/script><\/p>\n<div  class=\"one withsmallpadding ppb_text\" style=\"padding:5px;background-color:#bf2938;\" ><\/div>\n<div class=\"standard_wrapper\">\n<div  class=\"one_half withsmallpadding ppb_text\" style=\"padding:70px 0 70px 0;\" >\n<div class=\"standard_wrapper\">\n<div class=\"page_content_wrapper\">\n<div class=\"inner\">\n<div style=\"margin:auto;width:100%\">\n<p><span style=\"color: #999999;\">OUTILS<\/span><\/p>\n<h1>Visites Virtuelles 360\u00ba<\/h1>\n<p style=\"text-align: justify;\">8 visites virtuelles \u00e0 360 degr\u00e9s, avec un contenu audio-guid\u00e9 immersif et en plusieurs langues, permettent aux p\u00e8lerins de vivre une nouvelle exp\u00e9rience et de visiter les sites UNESCO les plus remarquables dans les territoires cibles du projet. Le p\u00e8lerin pourra p\u00e9n\u00e9trer dans des lieux et monuments embl\u00e9matiques, tels que la cath\u00e9drale du Puy-en-Velay (France), la porte de l&#8217;Aube (Vilnius-Lituanie), les sanctuaires franciscains d&#8217;Assise (Italie), la Mairie de Torun (Pologne), le Tr\u00e9sor d&#8217;Oignies \u00e0 Namur (Belgique), les vignobles du Douro (Portugal), la tour de la cath\u00e9drale d&#8217;Oviedo (Espagne) ou le Porche de la Gloire \u00e0 Compostelle (Espagne), entre autres. Au total, plus de 80 360 images panoramiques ont \u00e9t\u00e9 produites, avec 250 photos et vid\u00e9os suppl\u00e9mentaires.<\/p>\n<\/div>\n<\/div>\n<\/div>\n<\/div>\n<\/div>\n<\/div>\n<div class=\"standard_wrapper\">\n<div  class=\"one_half last withsmallpadding ppb_text\" style=\"padding:80px 0 80px 0;\" >\n<div class=\"standard_wrapper\">\n<div class=\"page_content_wrapper\">\n<div class=\"inner\">\n<div style=\"margin:auto;width:100%\">\n<p style=\"text-align: center;\"><iframe loading=\"lazy\" src=\"https:\/\/www.youtube.com\/embed\/gPrSLkELtPI\" width=\"100%\" height=\"315\" frameborder=\"0\" allowfullscreen=\"allowfullscreen\"><\/iframe><\/p>\n<\/div>\n<\/div>\n<\/div>\n<\/div>\n<\/div>\n<\/div>\n<div  class=\"parallax \" data-image=\"https:\/\/saintjamesway.eu\/fr\/wp-content\/uploads\/sites\/3\/2020\/05\/plaza_obra_360.jpg\" data-width=\"1920\" data-height=\"847\" style=\"height:600px; \"><\/div>\n<div  class=\"one withsmallpadding ppb_text\" style=\"padding:30px 0 30px 0;\" >\n<div class=\"standard_wrapper\">\n<div class=\"page_content_wrapper\">\n<div class=\"inner\">\n<div style=\"margin:auto;width:100%\">\n<h1>Visites virtuelles dans les pays<\/h1>\n<h1 class=\"p1\"><span class=\"s1\">\u00a0<\/span><\/h1>\n<p>Dans chaque territoire, un personnage historique guide le p\u00e8lerin dans sa visite. Du roi Alphonse II, le premier p\u00e8lerin \u00e0 Santiago, au Ma\u00eetre Mathieu, cr\u00e9ateur du magnifique Porche de la Gloire dans la cath\u00e9drale de Saint-Jacques de Compostelle. De Charlemagne, promoteur de l&#8217;id\u00e9e d&#8217;Europe, au peintre Giotto, cr\u00e9ateur des fresques de la basilique Saint Fran\u00e7ois d&#8217;Assise. Du scientifique Copernic, originaire de Torun, au visionnaire portugais Marquis de Pombal, cr\u00e9ateur de la premi\u00e8re appellation d&#8217;origine des vins de Porto et du Douro. Du Grand-Duc de Lituanie, fondateur de Vilnius, \u00e0 l&#8217;\u00e9v\u00eaque Godescalco, le premier arriv\u00e9 \u00e0 Santiago depuis la ville fran\u00e7aise du Puy-en-Velay. De cette fa\u00e7on, le guide significatif, la musique et les effets sp\u00e9ciaux permettent au p\u00e8lerin de faire un voyage fantastique \u00e0 travers le temps et l&#8217;histoire.<\/p>\n<\/div>\n<\/div>\n<\/div>\n<\/div>\n<\/div>\n<div class=\"standard_wrapper\">\n<div  class=\"one_fourth withsmallpadding ppb_text\" style=\"padding:30px 0 30px 0;\" >\n<div class=\"standard_wrapper\">\n<div class=\"page_content_wrapper\">\n<div class=\"inner\">\n<div style=\"margin:auto;width:100%\">\n<p><a href=\"http:\/\/virtual-tours.saintjamesway.eu\/\/360\/francia\/FR\/\" target=\"_blank\" rel=\"noopener\"><img loading=\"lazy\" decoding=\"async\" class=\"alignnone size-medium wp-image-8216 aligncenter\" src=\"https:\/\/saintjamesway.eu\/wp-content\/uploads\/2020\/04\/lepuyenvelay_francia.svg\" alt=\"\" width=\"300\" height=\"300\" \/><\/a><\/p>\n<\/div>\n<\/div>\n<\/div>\n<\/div>\n<\/div>\n<\/div>\n<div class=\"standard_wrapper\">\n<div  class=\"one_fourth withsmallpadding ppb_text\" style=\"padding:30px 0 30px 0;\" >\n<div class=\"standard_wrapper\">\n<div class=\"page_content_wrapper\">\n<div class=\"inner\">\n<div style=\"margin:auto;width:100%\">\n<p><a href=\"http:\/\/virtual-tours.saintjamesway.eu\/alto-douro-vinhateiro\" target=\"_blank\" rel=\"noopener\"><img loading=\"lazy\" decoding=\"async\" class=\"alignnone size-medium wp-image-8215 aligncenter\" src=\"https:\/\/saintjamesway.eu\/wp-content\/uploads\/2020\/04\/portugal.svg\" alt=\"\" width=\"300\" height=\"300\" \/><\/a><\/p>\n<\/div>\n<\/div>\n<\/div>\n<\/div>\n<\/div>\n<\/div>\n<div class=\"standard_wrapper\">\n<div  class=\"one_fourth withsmallpadding ppb_text\" style=\"padding:30px 0 30px 0;\" >\n<div class=\"standard_wrapper\">\n<div class=\"page_content_wrapper\">\n<div class=\"inner\">\n<div style=\"margin:auto;width:100%\">\n<p style=\"text-align: center;\"><a href=\"http:\/\/virtual-tours.saintjamesway.eu\/360\/belgica\/FR\/\" target=\"_blank\" rel=\"noopener\"><img loading=\"lazy\" decoding=\"async\" class=\"alignnone size-medium wp-image-12230\" src=\"https:\/\/saintjamesway.eu\/fr\/wp-content\/uploads\/sites\/3\/2020\/04\/namur_belgun-1.svg\" alt=\"\" width=\"300\" height=\"300\" \/><\/a><\/p>\n<\/div>\n<\/div>\n<\/div>\n<\/div>\n<\/div>\n<\/div>\n<div class=\"standard_wrapper\">\n<div  class=\"one_fourth last withsmallpadding ppb_text\" style=\"padding:30px 0 30px 0;\" >\n<div class=\"standard_wrapper\">\n<div class=\"page_content_wrapper\">\n<div class=\"inner\">\n<div style=\"margin:auto;width:100%\">\n<p><a href=\"http:\/\/virtual-tours.saintjamesway.eu\/360\/polonia\/FR\/\" target=\"_blank\" rel=\"noopener\"><img loading=\"lazy\" decoding=\"async\" class=\"alignnone size-medium wp-image-8212 aligncenter\" src=\"https:\/\/saintjamesway.eu\/wp-content\/uploads\/2020\/04\/kujawy_pomorze_polonia-1.svg\" alt=\"\" width=\"300\" height=\"300\" \/><\/a><\/p>\n<\/div>\n<\/div>\n<\/div>\n<\/div>\n<\/div>\n<\/div>\n<div class=\"standard_wrapper\">\n<div  class=\"one_fourth withsmallpadding ppb_text\" style=\"padding:30px 0 30px 0;\" >\n<div class=\"standard_wrapper\">\n<div class=\"page_content_wrapper\">\n<div class=\"inner\">\n<div style=\"margin:auto;width:100%\">\n<p><a href=\"http:\/\/virtual-tours.saintjamesway.eu\/360\/santiago\/FR\/\" target=\"_blank\" rel=\"noopener\"><img loading=\"lazy\" decoding=\"async\" class=\"alignnone wp-image-8220 size-medium aligncenter\" src=\"https:\/\/saintjamesway.eu\/wp-content\/uploads\/2020\/04\/galicia_turismo_spain.svg\" alt=\"\" width=\"300\" height=\"300\" \/><\/a><\/p>\n<\/div>\n<\/div>\n<\/div>\n<\/div>\n<\/div>\n<\/div>\n<div class=\"standard_wrapper\">\n<div  class=\"one_fourth withsmallpadding ppb_text\" style=\"padding:30px 0 30px 0;\" >\n<div class=\"standard_wrapper\">\n<div class=\"page_content_wrapper\">\n<div class=\"inner\">\n<div style=\"margin:auto;width:100%\">\n<p><a href=\"http:\/\/virtual-tours.saintjamesway.eu\/360\/italia\/FR\/\" target=\"_blank\" rel=\"noopener\"><img loading=\"lazy\" decoding=\"async\" class=\"alignnone size-medium wp-image-8219 aligncenter\" src=\"https:\/\/saintjamesway.eu\/wp-content\/uploads\/2020\/04\/Stemma_Assisi_colori.svg\" alt=\"\" width=\"300\" height=\"300\" \/><\/a><\/p>\n<\/div>\n<\/div>\n<\/div>\n<\/div>\n<\/div>\n<\/div>\n<div class=\"standard_wrapper\">\n<div  class=\"one_fourth withsmallpadding ppb_text\" style=\"padding:30px 0 30px 0;\" >\n<div class=\"standard_wrapper\">\n<div class=\"page_content_wrapper\">\n<div class=\"inner\">\n<div style=\"margin:auto;width:100%\">\n<p><a href=\"http:\/\/virtual-tours.saintjamesway.eu\/360\/polonia\/FR\/\" target=\"_blank\" rel=\"noopener\"><img loading=\"lazy\" decoding=\"async\" class=\"alignnone size-medium wp-image-8218 aligncenter\" src=\"https:\/\/saintjamesway.eu\/wp-content\/uploads\/2020\/04\/LT-Asociacion_logo-1.svg\" alt=\"\" width=\"300\" height=\"300\" \/><\/a><\/p>\n<\/div>\n<\/div>\n<\/div>\n<\/div>\n<\/div>\n<\/div>\n<div class=\"standard_wrapper\">\n<div  class=\"one_fourth last withsmallpadding ppb_text\" style=\"padding:30px 0 30px 0;\" >\n<div class=\"standard_wrapper\">\n<div class=\"page_content_wrapper\">\n<div class=\"inner\">\n<div style=\"margin:auto;width:100%\">\n<p><a href=\"http:\/\/virtual-tours.saintjamesway.eu\/360\/asturias\/FR\/\" target=\"_blank\" rel=\"noopener\"><img loading=\"lazy\" decoding=\"async\" class=\"alignnone size-medium wp-image-8217 aligncenter\" src=\"https:\/\/saintjamesway.eu\/wp-content\/uploads\/2020\/04\/principado_spain.svg\" alt=\"\" width=\"300\" height=\"300\" \/><\/a><\/p>\n<\/div>\n<\/div>\n<\/div>\n<\/div>\n<\/div>\n<\/div>\n<div  class=\"one withsmallpadding ppb_text\" style=\"padding:30px 0 30px 0;\" >\n<div class=\"standard_wrapper\">\n<div class=\"page_content_wrapper\">\n<div class=\"inner\">\n<div style=\"margin:auto;width:100%\">\n<p style=\"text-align: center;\"><a href=\"https:\/\/ec.europa.eu\/easme\/en\/news\/cosme-supports-digitalisation-camino-de-santiago\" target=\"_blank\" rel=\"noopener\"><img loading=\"lazy\" decoding=\"async\" class=\"alignnone wp-image-8866\" src=\"https:\/\/saintjamesway.eu\/wp-content\/uploads\/2020\/05\/cosme_en.svg\" alt=\"\" width=\"363\" height=\"75\" \/><\/a><\/p>\n<\/div>\n<\/div>\n<\/div>\n<\/div>\n<\/div>\n<div  class=\"one withsmallpadding ppb_text\" style=\"padding:5px;background-color:#bf2938;\" ><\/div>\n","protected":false},"excerpt":{"rendered":"<p>OUTILS VISITES VIRTUELLES 360\u00ba OUTILS Visites Virtuelles 360\u00ba 8 visites virtuelles \u00e0 360 degr\u00e9s, avec un contenu audio-guid\u00e9 immersif et en plusieurs langues, permettent aux p\u00e8lerins de vivre une nouvelle exp\u00e9rience et de visiter les sites UNESCO les plus remarquables [&hellip;]<\/p>\n","protected":false},"author":1,"featured_media":0,"parent":0,"menu_order":0,"comment_status":"closed","ping_status":"closed","template":"","meta":{"inline_featured_image":false,"_trash_the_other_posts":false,"editor_notices":[],"footnotes":""},"class_list":["post-8554","page","type-page","status-publish","hentry"],"_links":{"self":[{"href":"https:\/\/saintjamesway.eu\/fr\/wp-json\/wp\/v2\/pages\/8554","targetHints":{"allow":["GET"]}}],"collection":[{"href":"https:\/\/saintjamesway.eu\/fr\/wp-json\/wp\/v2\/pages"}],"about":[{"href":"https:\/\/saintjamesway.eu\/fr\/wp-json\/wp\/v2\/types\/page"}],"author":[{"embeddable":true,"href":"https:\/\/saintjamesway.eu\/fr\/wp-json\/wp\/v2\/users\/1"}],"replies":[{"embeddable":true,"href":"https:\/\/saintjamesway.eu\/fr\/wp-json\/wp\/v2\/comments?post=8554"}],"version-history":[{"count":326,"href":"https:\/\/saintjamesway.eu\/fr\/wp-json\/wp\/v2\/pages\/8554\/revisions"}],"predecessor-version":[{"id":12829,"href":"https:\/\/saintjamesway.eu\/fr\/wp-json\/wp\/v2\/pages\/8554\/revisions\/12829"}],"wp:attachment":[{"href":"https:\/\/saintjamesway.eu\/fr\/wp-json\/wp\/v2\/media?parent=8554"}],"curies":[{"name":"wp","href":"https:\/\/api.w.org\/{rel}","templated":true}]}}